{"id":1365,"date":"2020-04-23T13:58:32","date_gmt":"2020-04-23T17:58:32","guid":{"rendered":"https:\/\/www.cimmaintenance.com\/?page_id=1365"},"modified":"2020-05-06T16:31:53","modified_gmt":"2020-05-06T20:31:53","slug":"conditions-dutilisation","status":"publish","type":"page","link":"https:\/\/cimmaintenance.com\/fr\/conditions-dutilisation\/","title":{"rendered":"Conditions d&rsquo;utilisation"},"content":{"rendered":"<p>Voici les modalit\u00e9s d&rsquo;un accord juridique entre vous et CiM Maintenance, Inc (CiM). En acc\u00e9dant, en naviguant ou en utilisant ce site web, vous reconnaissez avoir lu, compris et accept\u00e9 d&rsquo;\u00eatre li\u00e9 par ces conditions et de vous conformer \u00e0 toutes les lois et r\u00e9glementations applicables, y compris les lois et r\u00e9glementations sur le contr\u00f4le des exportations et des r\u00e9exportations. Si vous n&rsquo;acceptez pas ces conditions, veuillez ne pas utiliser ce site web.<\/p>\n<p>CiM peut, sans pr\u00e9avis, r\u00e9viser \u00e0 tout moment les pr\u00e9sentes conditions d&rsquo;utilisation et toute autre information contenue dans ce site web en mettant \u00e0 jour cet affichage. CiM peut \u00e9galement apporter des am\u00e9liorations ou des modifications aux produits et services d\u00e9crits dans ce site \u00e0 tout moment et sans pr\u00e9avis.<\/p>\n<h2>G\u00e9n\u00e9ral<\/h2>\n<p>Ce site web contient des avis de propri\u00e9t\u00e9 et des renseignements sur les droits d&rsquo;auteur, dont les conditions doivent \u00eatre respect\u00e9es et suivies.<\/p>\n<p>Ce site et son contenu ne peuvent \u00eatre copi\u00e9s, reproduits, republi\u00e9s, t\u00e9l\u00e9charg\u00e9s, affich\u00e9s, transmis, distribu\u00e9s ou utilis\u00e9s pour la cr\u00e9ation d&rsquo;\u0153uvres d\u00e9riv\u00e9es sans le consentement \u00e9crit pr\u00e9alable de CiM, \u00e0 l&rsquo;exception du fait que CiM vous accorde une autorisation non exclusive, non transf\u00e9rable et limit\u00e9e d&rsquo;acc\u00e9der aux pages web de ce site et de les afficher, uniquement sur votre ordinateur et pour votre usage personnel et non commercial de ce site. Cette autorisation est subordonn\u00e9e \u00e0 la condition que vous ne modifiez pas le contenu affich\u00e9 sur ce site, que vous conserviez intactes toutes les mentions de copyright, de marque et autres mentions de propri\u00e9t\u00e9, et que vous acceptiez les conditions et mentions accompagnant le contenu ou autrement \u00e9nonc\u00e9es sur ce site. Nonobstant ce qui pr\u00e9c\u00e8de, tout logiciel et autre mat\u00e9riel mis \u00e0 disposition pour le t\u00e9l\u00e9chargement, l&rsquo;acc\u00e8s ou toute autre utilisation \u00e0 partir de ce site avec leurs propres termes, conditions et avis de licence seront r\u00e9gis par ces termes, conditions et avis.<\/p>\n<p>Le non-respect des conditions g\u00e9n\u00e9rales et des avis figurant sur ce site entra\u00eenera la r\u00e9siliation automatique de tous les droits qui vous ont \u00e9t\u00e9 accord\u00e9s, sans pr\u00e9avis, et vous devrez imm\u00e9diatement d\u00e9truire toutes les copies des documents t\u00e9l\u00e9charg\u00e9s en votre possession ou sous votre contr\u00f4le. \u00c0 l&rsquo;exception de l&rsquo;autorisation limit\u00e9e du paragraphe pr\u00e9c\u00e9dent, CiM ne vous accorde aucun droit ou licence, explicite ou implicite, en vertu de brevets, marques de commerce, droits d&rsquo;auteur ou autres droits de propri\u00e9t\u00e9 intellectuelle. Vous n&rsquo;\u00eates pas autoris\u00e9 \u00e0 reproduire le contenu de ce site sur un autre site web ou dans un autre m\u00e9dia.<\/p>\n<h2>Certaines clauses de non-responsabilit\u00e9<\/h2>\n<p>Les informations contenues dans ce site ne sont pas garanties comme \u00e9tant correctes, actuelles ou compl\u00e8tes, et ce site peut contenir des inexactitudes techniques ou des erreurs typographiques. CiM n&rsquo;assume aucune responsabilit\u00e9 (et d\u00e9cline express\u00e9ment toute responsabilit\u00e9) en ce qui concerne la mise \u00e0 jour de ce site pour maintenir l&rsquo;information \u00e0 jour ou pour assurer l&rsquo;exactitude ou l&rsquo;exhaustivit\u00e9 de toute information affich\u00e9e. En cons\u00e9quence, vous devez confirmer l&rsquo;exactitude et l&rsquo;exhaustivit\u00e9 de toutes les informations publi\u00e9es avant de prendre une d\u00e9cision relative \u00e0 tout service, produit ou autre sujet d\u00e9crit sur ce site.<\/p>\n<p>CiM ne garantit pas que tout probl\u00e8me signal\u00e9 sera r\u00e9solu par CiM, m\u00eame si CiM choisit de fournir des informations dans le but de r\u00e9soudre un probl\u00e8me.<\/p>\n<h2>Information confidentielle<\/h2>\n<p>CiM ne souhaite pas recevoir de vous des informations confidentielles ou exclusives par l&rsquo;interm\u00e9diaire de notre site web. Veuillez noter que toute information ou tout mat\u00e9riel envoy\u00e9 \u00e0 CiM sera consid\u00e9r\u00e9 comme NON confidentiel. En transmettant des informations ou du mat\u00e9riel \u00e0 CiM, vous lui accordez une licence illimit\u00e9e et irr\u00e9vocable pour copier, reproduire, publier, t\u00e9l\u00e9charger, afficher, transmettre, distribuer, afficher publiquement, ex\u00e9cuter, modifier, cr\u00e9er des \u0153uvres d\u00e9riv\u00e9es et utiliser librement ces documents ou cette information. Vous acceptez \u00e9galement que CiM soit libre d&rsquo;utiliser les id\u00e9es, concepts, savoir-faire ou techniques que vous nous envoyez \u00e0 toutes fins. Toutefois, nous ne divulguerons pas votre nom ou ne rendrons pas public le fait que vous nous avez soumis des documents ou d&rsquo;autres renseignements \u00e0 moins que: (a) nous obtenions votre autorisation d&rsquo;utiliser votre nom; ou (b) nous vous informions au pr\u00e9alable que les documents ou autres informations que vous soumettez \u00e0 une section particuli\u00e8re de ce site seront publi\u00e9s ou autrement utilis\u00e9s en indiquant votre nom; ou (c) nous y sommes oblig\u00e9s par la loi. Les renseignements personnels que vous soumettez \u00e0 CiM, dans le but de recevoir des produits ou des services, seront trait\u00e9s conform\u00e9ment \u00e0 nos politiques de confidentialit\u00e9. Veuillez consulter la page intitul\u00e9e \u00ab\u00a0Politique de confidentialit\u00e9\u00a0\u00bb pour obtenir des renseignements sur les politiques de confidentialit\u00e9 de CiM.<\/p>\n<h2>Relations d\u2019affaires<\/h2>\n<p>Ce site web peut fournir des liens ou des r\u00e9f\u00e9rences \u00e0 des sites web et des ressources non-CiM. CiM ne fait aucune d\u00e9claration, garantie ou autre engagement de quelque nature que ce soit concernant les sites web non-CiM ou les ressources de tiers qui peuvent \u00eatre r\u00e9f\u00e9renc\u00e9s, accessibles ou li\u00e9s \u00e0 un site de CiM. Un lien vers un site web non-CiM ne signifie pas que CiM approuve le contenu ou l&rsquo;utilisation de ce site web ou de son propri\u00e9taire. En outre, CiM n&rsquo;est pas un tiers et n&rsquo;est pas responsable des transactions que vous pourriez conclure avec des tiers, m\u00eame si vous avez connaissance de ces tiers (ou si vous utilisez un lien vers ces tiers) \u00e0 partir d&rsquo;un site CiM. En cons\u00e9quence, vous reconnaissez et acceptez que CiM n&rsquo;est pas responsable de la disponibilit\u00e9 de ces sites ou ressources externes, et n&rsquo;est pas responsable du contenu, des services, des produits ou d&rsquo;autres \u00e9l\u00e9ments disponibles sur ou \u00e0 partir de ces sites ou ressources.<\/p>\n<p>Lorsque vous acc\u00e9dez \u00e0 un site web ne relevant pas de CiM, m\u00eame s&rsquo;il contient le logo de CiM, veuillez comprendre qu&rsquo;il est ind\u00e9pendant de CiM et que CiM ne contr\u00f4le pas le contenu de ce site. Il vous appartient de prendre les pr\u00e9cautions n\u00e9cessaires pour vous prot\u00e9ger contre les virus, les vers informatiques, les chevaux de Troie et autres programmes potentiellement destructeurs, et de prot\u00e9ger vos renseignements comme vous le jugerez appropri\u00e9. <\/p>\n<h2>Lien vers ce site<\/h2>\n<p>Tous les liens vers ce site web doivent \u00eatre approuv\u00e9s par CiM, par \u00e9crit, \u00e0 l&rsquo;exception des liens dans lesquels CiM consent que le lien et les pages qui sont activ\u00e9es par le lien: (a) ne cr\u00e9ent pas de cadre autour d&rsquo;une page de ce site web ou n&rsquo;utilisent pas d&rsquo;autres techniques qui modifient de quelque mani\u00e8re que ce soit la pr\u00e9sentation visuelle ou l&rsquo;apparence de tout contenu de ce site; (b) ne donnent pas une image fausse de votre relation avec CiM; (c) n&rsquo;impliquent pas que CiM vous approuve ou cautionne votre site web ou vos offres de services ou de produits; et (d) ne donnent pas d&rsquo;impressions fausses ou trompeuses sur CiM ou ne portent pas atteinte \u00e0 la bonne volont\u00e9 associ\u00e9e au nom ou aux marques de CiM. Comme condition suppl\u00e9mentaire \u00e0 l&rsquo;autorisation de cr\u00e9er un lien vers ce site, vous acceptez que CiM puisse \u00e0 tout moment, \u00e0 sa seule discr\u00e9tion, mettre fin \u00e0 l&rsquo;autorisation de cr\u00e9er un lien vers ce site. Dans ce cas, vous acceptez de supprimer imm\u00e9diatement tous les liens vers ce site et de cesser d&rsquo;utiliser toute marque de commerce de CiM.<\/p>\n<h2>Traductions<\/h2>\n<p>Certains textes de ce site web peuvent \u00eatre disponibles dans des langues autres que l&rsquo;anglais. Le texte peut \u00eatre traduit par une personne ou uniquement par un logiciel, sans interventions ou r\u00e9visions humaines. Ces traductions sont fournies pour votre commodit\u00e9 et CiM ne fait aucune d\u00e9claration ni ne prend aucun engagement concernant l&rsquo;exactitude ou l&rsquo;exhaustivit\u00e9 de la traduction, qu&rsquo;elle soit g\u00e9n\u00e9r\u00e9e par ordinateur ou effectu\u00e9e par une personne. Veuillez consulter l&rsquo;exclusion de garantie ci-dessous pour conna\u00eetre les conditions suppl\u00e9mentaires.<\/p>\n<h2>Exon\u00e9ration de garantie<\/h2>\n<p>L&rsquo;UTILISATION DE CE SITE EST \u00c0 VOS PROPRES RISQUES. TOUS LES DOCUMENTS, RENSEIGNEMENTS, PRODUITS, LOGICIELS, PROGRAMMES ET SERVICES SONT FOURNIS \u00ab\u00a0TELS QUELS\u00a0\u00bb, SANS AUCUNE GARANTIE. CIM D\u00c9CLINE EXPRESS\u00c9MENT, DANS TOUTE LA MESURE PERMISE PAR LA LOI, TOUTES LES GARANTIES, ASSURANCES OU D\u00c9CLARATIONS EXPRESSES, IMPLICITES, STATUTAIRES OU AUTRES, Y COMPRIS, SANS LIMITATION, LES GARANTIES DE QUALIT\u00c9 MARCHANDE, D&rsquo;AD\u00c9QUATION \u00c0 UN USAGE PARTICULIER ET DE NON-VIOLATION DES DROITS DE PROPRI\u00c9T\u00c9 INTELLECTUELLE. SANS LIMITATION, CIM NE GARANTIT PAS QUE CE SITE WEB SERA ININTERROMPU, RAPIDE, S\u00c9CURIS\u00c9 OU EXEMPT D&rsquo;ERREURS.<\/p>\n<p>VOUS COMPRENEZ ET ACCEPTEZ QUE SI VOUS T\u00c9L\u00c9CHARGEZ OU OBTENEZ DE TOUTE AUTRE MANI\u00c8RE DES DOCUMENTS, RENSEIGNEMENTS, PRODUITS, LOGICIELS, PROGRAMMES OU SERVICES, VOUS LE FAITES \u00c0 VOTRE PROPRE DISCR\u00c9TION ET \u00c0 VOS PROPRES RISQUES ET QUE VOUS SEREZ SEUL RESPONSABLE DE TOUT DOMMAGE QUI POURRAIT EN R\u00c9SULTER, Y COMPRIS LA PERTE DE DONN\u00c9ES OU LES DOMMAGES CAUS\u00c9S \u00c0 VOTRE SYST\u00c8ME INFORMATIQUE.<\/p>\n<p>CERTAINS PAYS N&rsquo;AUTORISENT PAS L&rsquo;EXCLUSION DES GARANTIES, DE SORTE QUE LES EXCLUSIONS CI-DESSUS PEUVENT NE PAS S&rsquo;APPLIQUER \u00c0 VOUS.<\/p>\n<h2>Limitation de responsabilit\u00e9s<\/h2>\n<p>EN AUCUN CAS, CIM NE SERA TENU RESPONSABLE ENVERS UNE PARTIE QUELCONQUE DES DOMMAGES DIRECTS, INDIRECTS, ACCESSOIRES, SP\u00c9CIAUX, EXEMPLAIRES OU CONS\u00c9CUTIFS DE QUELQUE TYPE QUE CE SOIT LI\u00c9S \u00c0 OU D\u00c9COULANT DE CE SITE WEB OU DE TOUTE UTILISATION DE CE SITE WEB, OU DE TOUT SITE OU RESSOURCE LI\u00c9, R\u00c9F\u00c9RENC\u00c9 OU ACCESSIBLE PAR CE SITE WEB, OU DE L&rsquo;UTILISATION OU DU T\u00c9L\u00c9CHARGEMENT OU DE L&rsquo;ACC\u00c8S \u00c0 TOUT MAT\u00c9RIEL, INFORMATION, PRODUIT OU SERVICE, Y COMPRIS, SANS LIMITATION, TOUTE PERTE DE PROFITS, INTERRUPTION D&rsquo;ACTIVIT\u00c9, PERTE D&rsquo;\u00c9CONOMIES OU PERTE DE PROGRAMMES OU D&rsquo;AUTRES DONN\u00c9ES, M\u00caME SI CIM EST EXPRESS\u00c9MENT INFORM\u00c9 DE LA POSSIBILIT\u00c9 DE TELS DOMMAGES. CETTE EXCLUSION ET CETTE RENONCIATION DE RESPONSABILIT\u00c9 S&rsquo;APPLIQUENT \u00c0 TOUTES LES CAUSES D&rsquo;ACTION, QU&rsquo;ELLES SOIENT FOND\u00c9ES SUR UN CONTRAT, UNE GARANTIE, UN PR\u00c9JUDICE OU TOUTE AUTRE TH\u00c9ORIE JURIDIQUE.<\/p>\n<p>Des modalit\u00e9s, conditions et avis suppl\u00e9mentaires ou diff\u00e9rents peuvent s&rsquo;appliquer \u00e0 des documents, informations, produits, logiciels et services sp\u00e9cifiques offerts par le biais de ce site web. En cas de conflit, ces conditions et avis suppl\u00e9mentaires ou dissemblables pr\u00e9vaudront sur les pr\u00e9sentes conditions d&rsquo;utilisation. Veuillez consulter l&rsquo;accord ou l&rsquo;avis applicable.<\/p>\n","protected":false},"excerpt":{"rendered":"<p>Voici les modalit\u00e9s d&rsquo;un accord juridique entre vous et CiM Maintenance, Inc (CiM). En acc\u00e9dant, en naviguant ou en utilisant ce site web, vous reconnaissez avoir lu, compris et accept\u00e9 d&rsquo;\u00eatre li\u00e9 par ces conditions et de vous conformer \u00e0 toutes les lois et r\u00e9glementations applicables, y compris les lois et r\u00e9glementations sur le contr\u00f4le<\/p>\n","protected":false},"author":1,"featured_media":0,"parent":0,"menu_order":0,"comment_status":"closed","ping_status":"closed","template":"page--privacy-policy.php","meta":{"_acf_changed":false,"footnotes":""},"class_list":["post-1365","page","type-page","status-publish","hentry"],"acf":[],"_links":{"self":[{"href":"https:\/\/cimmaintenance.com\/fr\/wp-json\/wp\/v2\/pages\/1365","targetHints":{"allow":["GET"]}}],"collection":[{"href":"https:\/\/cimmaintenance.com\/fr\/wp-json\/wp\/v2\/pages"}],"about":[{"href":"https:\/\/cimmaintenance.com\/fr\/wp-json\/wp\/v2\/types\/page"}],"author":[{"embeddable":true,"href":"https:\/\/cimmaintenance.com\/fr\/wp-json\/wp\/v2\/users\/1"}],"replies":[{"embeddable":true,"href":"https:\/\/cimmaintenance.com\/fr\/wp-json\/wp\/v2\/comments?post=1365"}],"version-history":[{"count":7,"href":"https:\/\/cimmaintenance.com\/fr\/wp-json\/wp\/v2\/pages\/1365\/revisions"}],"predecessor-version":[{"id":1589,"href":"https:\/\/cimmaintenance.com\/fr\/wp-json\/wp\/v2\/pages\/1365\/revisions\/1589"}],"wp:attachment":[{"href":"https:\/\/cimmaintenance.com\/fr\/wp-json\/wp\/v2\/media?parent=1365"}],"curies":[{"name":"wp","href":"https:\/\/api.w.org\/{rel}","templated":true}]}}